{"id":8,"date":"2025-10-03T23:04:29","date_gmt":"2025-10-03T23:04:29","guid":{"rendered":"https:\/\/mayanmonkey.com\/posadas\/?page_id=8"},"modified":"2025-12-05T15:16:03","modified_gmt":"2025-12-05T15:16:03","slug":"cancun","status":"publish","type":"page","link":"https:\/\/mayanmonkey.com\/posadas\/cancun\/","title":{"rendered":"Posadas Canc\u00fan"},"content":{"rendered":"\t\t<div data-elementor-type=\"wp-page\" data-elementor-id=\"8\" class=\"elementor elementor-8\" data-elementor-post-type=\"page\">\n\t\t\t\t\t\t<section class=\"elementor-section elementor-top-section elementor-element elementor-element-1348aab2 elementor-section-full_width elementor-hidden-mobile elementor-section-height-default elementor-section-height-default\" data-id=\"1348aab2\" data-element_type=\"section\" data-settings=\"{&quot;background_background&quot;:&quot;video&quot;,&quot;background_video_link&quot;:&quot;https:\\\/\\\/mayanmonkey.com\\\/posadas\\\/wp-content\\\/uploads\\\/2025\\\/10\\\/MM_CANCUN_POSADAS_DESK.mp4&quot;}\">\n\t\t\t\t\t\t\t\t<div class=\"elementor-background-video-container elementor-hidden-mobile\" aria-hidden=\"true\">\n\t\t\t\t\t\t\t\t\t\t\t\t\t<video class=\"elementor-background-video-hosted\" autoplay muted playsinline loop><\/video>\n\t\t\t\t\t\t\t\t\t\t\t<\/div>\n\t\t\t\t\t\t\t\t<div class=\"elementor-container elementor-column-gap-default\">\n\t\t\t\t\t<div class=\"elementor-column elementor-col-100 elementor-top-column elementor-element elementor-element-42fee40a\" data-id=\"42fee40a\" data-element_type=\"column\">\n\t\t\t<div class=\"elementor-widget-wrap elementor-element-populated\">\n\t\t\t\t\t<div class=\"elementor-background-overlay\"><\/div>\n\t\t\t\t\t\t<section class=\"elementor-section elementor-inner-section elementor-element elementor-element-29bbfe5d elementor-section-height-min-height elementor-section-boxed elementor-section-height-default\" data-id=\"29bbfe5d\" data-element_type=\"section\" data-settings=\"{&quot;background_background&quot;:&quot;video&quot;,&quot;background_play_on_mobile&quot;:&quot;yes&quot;}\">\n\t\t\t\t\t\t\t<div class=\"elementor-background-overlay\"><\/div>\n\t\t\t\t\t\t\t<div class=\"elementor-container elementor-column-gap-default\">\n\t\t\t\t\t<div class=\"elementor-column elementor-col-100 elementor-inner-column elementor-element elementor-element-22030148\" data-id=\"22030148\" data-element_type=\"column\" data-settings=\"{&quot;background_background&quot;:&quot;classic&quot;}\">\n\t\t\t<div class=\"elementor-widget-wrap\">\n\t\t\t\t\t\t\t<\/div>\n\t\t<\/div>\n\t\t\t\t\t<\/div>\n\t\t<\/section>\n\t\t\t\t\t<\/div>\n\t\t<\/div>\n\t\t\t\t\t<\/div>\n\t\t<\/section>\n\t\t\t\t<section class=\"elementor-section elementor-top-section elementor-element elementor-element-363a2a6 elementor-section-full_width elementor-hidden-desktop elementor-hidden-tablet elementor-section-height-default elementor-section-height-default\" data-id=\"363a2a6\" data-element_type=\"section\" data-settings=\"{&quot;background_background&quot;:&quot;video&quot;,&quot;background_video_link&quot;:&quot;https:\\\/\\\/mayanmonkey.com\\\/posadas\\\/wp-content\\\/uploads\\\/2025\\\/10\\\/MM_CANCUN_POSADAS_MOB.mp4&quot;}\">\n\t\t\t\t\t\t\t\t<div class=\"elementor-background-video-container elementor-hidden-mobile\" aria-hidden=\"true\">\n\t\t\t\t\t\t\t\t\t\t\t\t\t<video class=\"elementor-background-video-hosted\" autoplay muted playsinline loop><\/video>\n\t\t\t\t\t\t\t\t\t\t\t<\/div>\n\t\t\t\t\t\t\t\t<div class=\"elementor-container elementor-column-gap-default\">\n\t\t\t\t\t<div class=\"elementor-column elementor-col-100 elementor-top-column elementor-element elementor-element-aebabc2\" data-id=\"aebabc2\" data-element_type=\"column\">\n\t\t\t<div class=\"elementor-widget-wrap elementor-element-populated\">\n\t\t\t\t\t<div class=\"elementor-background-overlay\"><\/div>\n\t\t\t\t\t\t<section class=\"elementor-section elementor-inner-section elementor-element elementor-element-3970074 elementor-section-height-min-height elementor-section-boxed elementor-section-height-default\" data-id=\"3970074\" data-element_type=\"section\" data-settings=\"{&quot;background_background&quot;:&quot;video&quot;,&quot;background_video_link&quot;:&quot;https:\\\/\\\/mayanmonkey.com\\\/posadas\\\/wp-content\\\/uploads\\\/2025\\\/10\\\/posadas_mm_mobile.mp4&quot;,&quot;background_play_on_mobile&quot;:&quot;yes&quot;}\">\n\t\t\t\t\t\t\t\t<div class=\"elementor-background-video-container\" aria-hidden=\"true\">\n\t\t\t\t\t\t\t\t\t\t\t\t\t<video class=\"elementor-background-video-hosted\" autoplay muted playsinline loop><\/video>\n\t\t\t\t\t\t\t\t\t\t\t<\/div>\n\t\t\t\t\t\t\t\t\t<div class=\"elementor-background-overlay\"><\/div>\n\t\t\t\t\t\t\t<div class=\"elementor-container elementor-column-gap-default\">\n\t\t\t\t\t<div class=\"elementor-column elementor-col-100 elementor-inner-column elementor-element elementor-element-853ebe2\" data-id=\"853ebe2\" data-element_type=\"column\" data-settings=\"{&quot;background_background&quot;:&quot;classic&quot;}\">\n\t\t\t<div class=\"elementor-widget-wrap\">\n\t\t\t\t\t\t\t<\/div>\n\t\t<\/div>\n\t\t\t\t\t<\/div>\n\t\t<\/section>\n\t\t\t\t\t<\/div>\n\t\t<\/div>\n\t\t\t\t\t<\/div>\n\t\t<\/section>\n\t\t<div class=\"elementor-element elementor-element-74d8b6eb e-flex e-con-boxed e-con e-parent\" data-id=\"74d8b6eb\" data-element_type=\"container\" data-settings=\"{&quot;background_background&quot;:&quot;classic&quot;}\">\n\t\t\t\t\t<div class=\"e-con-inner\">\n\t\t\t\t<div class=\"elementor-element elementor-element-1546a0a5 elementor-widget elementor-widget-heading\" data-id=\"1546a0a5\" data-element_type=\"widget\" data-widget_type=\"heading.default\">\n\t\t\t\t\t<h2 class=\"elementor-heading-title elementor-size-default\">Fiesta, sabores y un ambiente social inigualable te esperan\n<\/h2>\t\t\t\t<\/div>\n\t\t\t\t<div class=\"elementor-element elementor-element-5fcba20 elementor-widget elementor-widget-text-editor\" data-id=\"5fcba20\" data-element_type=\"widget\" data-widget_type=\"text-editor.default\">\n\t\t\t\t\t\t\t\t\t<p>Celebra tu posada rodeado de buena vibra, comida deliciosa y cocteles preparados con estilo<br \/>En Mayan Monkey cada brindis se convierte en un recuerdo.<\/p>\t\t\t\t\t\t\t\t<\/div>\n\t\t\t\t\t<\/div>\n\t\t\t\t<\/div>\n\t\t<div class=\"elementor-element elementor-element-2aa5718d e-flex e-con-boxed e-con e-parent\" data-id=\"2aa5718d\" data-element_type=\"container\" data-settings=\"{&quot;background_background&quot;:&quot;classic&quot;}\">\n\t\t\t\t\t<div class=\"e-con-inner\">\n\t\t\t\t<div class=\"elementor-element elementor-element-7021414d elementor-invisible elementor-widget elementor-widget-heading\" data-id=\"7021414d\" data-element_type=\"widget\" data-settings=\"{&quot;_animation&quot;:&quot;fadeIn&quot;,&quot;_animation_delay&quot;:200}\" data-widget_type=\"heading.default\">\n\t\t\t\t\t<h2 class=\"elementor-heading-title elementor-size-default\">REGISTRO<\/h2>\t\t\t\t<\/div>\n\t\t\t\t<div class=\"elementor-element elementor-element-355fb9e1 elementor-invisible elementor-widget elementor-widget-text-editor\" data-id=\"355fb9e1\" data-element_type=\"widget\" data-settings=\"{&quot;_animation&quot;:&quot;fadeIn&quot;,&quot;_animation_delay&quot;:400}\" data-widget_type=\"text-editor.default\">\n\t\t\t\t\t\t\t\t\t<b>Registra<\/b> tu posada para grupos de 10 o m\u00e1s personas. Completa el formulario y <b>descarga nuestro men\u00fa especial de posadas<\/b>.\t\t\t\t\t\t\t\t<\/div>\n\t\t\t\t<div class=\"elementor-element elementor-element-a3922e6 elementor-widget elementor-widget-html\" data-id=\"a3922e6\" data-element_type=\"widget\" data-widget_type=\"html.default\">\n\t\t\t\t\t<style>\r\n    .row div{\r\n        margin: 10px 15px;\r\n        width: 25%;\r\n    }\r\n    label{\r\n        margin-bottom: 10px;\r\n    }\r\n<\/style>\r\n\r\n<form method=\"post\" action=\"https:\/\/mayanmonkey.com\/posadas\/cancun_mail.php\">\r\n    <div class=\"contenedor\">\r\n        <div class=\"row\" style=\"display: flex;\">\r\n            <div>\r\n                <label for=\"fname\">Nombre <\/label>\r\n                <input type=\"text\" id=\"name\" name=\"name\" value=\"\" placeholder=\"Nombre\" required>\r\n            <\/div>\r\n            <div>\r\n                <label for=\"fname\">Correo <\/label>\r\n                <input type=\"email\" id=\"email\" name=\"email\" value=\"\" placeholder=\"Correo\" required>\r\n            <\/div>\r\n            <div>\r\n                <label for=\"fname\">Tel\u00e9fono <\/label>\r\n                <input type=\"text\" id=\"phone\" name=\"phone\" placeholder=\" Tel\u00e9fono\"value=\"\" required>\r\n                 <input type=\"hidden\" name=\"token\" id=\"token\">\r\n            <\/div>\r\n            <div>\r\n                <label for=\"fname\">Inivtados <\/label>\r\n                <input type=\"number\" id=\"pax\" name=\"pax\" placeholder=\"Inivtados\" min=\"12\" max=\"100\" required>\r\n            <\/div>\r\n        <\/div>\r\n        <div style=\"text-align: center;\">\r\n            <input type=\"submit\" value=\"Env\u00edar\" style=\"background: #FF4826; color: #fff; padding: 10px 40px;\">\r\n        <\/div>\r\n        \r\n    <\/div>\r\n\r\n<\/form>\t\t\t\t<\/div>\n\t\t\t\t\t<\/div>\n\t\t\t\t<\/div>\n\t\t<div class=\"elementor-element elementor-element-d2bab1a e-con-full e-flex e-con e-parent\" data-id=\"d2bab1a\" data-element_type=\"container\" data-settings=\"{&quot;background_background&quot;:&quot;classic&quot;}\">\n\t\t<div class=\"elementor-element elementor-element-1fefa9ff e-con-full e-flex e-con e-child\" data-id=\"1fefa9ff\" data-element_type=\"container\">\n\t\t\t\t<div class=\"elementor-element elementor-element-7279f9c7 elementor-widget elementor-widget-heading\" data-id=\"7279f9c7\" data-element_type=\"widget\" data-widget_type=\"heading.default\">\n\t\t\t\t\t<h2 class=\"elementor-heading-title elementor-size-default\">Las posadas se viven diferente en Mayan Monkey<\/h2>\t\t\t\t<\/div>\n\t\t\t\t<div class=\"elementor-element elementor-element-6f68ad35 elementor-widget elementor-widget-text-editor\" data-id=\"6f68ad35\" data-element_type=\"widget\" data-widget_type=\"text-editor.default\">\n\t\t\t\t\t\t\t\t\tAqu\u00ed, temporada se celebra con buena m\u00fasica, cocteles incre\u00edbles y una energ\u00eda que se siente en cada rinc\u00f3n.\nR\u00ede, brinda y baila mientras compartes y agradeces por todo lo aprendido durante el a\u00f1o.\n<br><br>\nDesde el atardecer hasta la medianoche, cada momento se convierte en una experiencia inolvidable.\nHaz de este momento una historia para recordar.\t\t\t\t\t\t\t\t<\/div>\n\t\t\t\t<\/div>\n\t\t<div class=\"elementor-element elementor-element-79408278 e-con-full e-flex e-con e-child\" data-id=\"79408278\" data-element_type=\"container\">\n\t\t\t\t<div class=\"elementor-element elementor-element-40ba08e elementor-widget elementor-widget-image\" data-id=\"40ba08e\" data-element_type=\"widget\" data-widget_type=\"image.default\">\n\t\t\t\t\t\t\t\t\t\t\t\t\t\t\t<img fetchpriority=\"high\" decoding=\"async\" width=\"700\" height=\"700\" src=\"https:\/\/mayanmonkey.com\/posadas\/wp-content\/uploads\/2025\/10\/mm2.jpg\" class=\"attachment-large size-large wp-image-284\" alt=\"\" srcset=\"https:\/\/mayanmonkey.com\/posadas\/wp-content\/uploads\/2025\/10\/mm2.jpg 700w, https:\/\/mayanmonkey.com\/posadas\/wp-content\/uploads\/2025\/10\/mm2-300x300.jpg 300w, https:\/\/mayanmonkey.com\/posadas\/wp-content\/uploads\/2025\/10\/mm2-150x150.jpg 150w\" sizes=\"(max-width: 700px) 100vw, 700px\" \/>\t\t\t\t\t\t\t\t\t\t\t\t\t\t\t<\/div>\n\t\t\t\t<\/div>\n\t\t\t\t<\/div>\n\t\t<div class=\"elementor-element elementor-element-15d021bc e-con-full e-flex e-con e-parent\" data-id=\"15d021bc\" data-element_type=\"container\" data-settings=\"{&quot;background_background&quot;:&quot;classic&quot;}\">\n\t\t\t\t<div class=\"elementor-element elementor-element-9d2756d elementor-widget elementor-widget-html\" data-id=\"9d2756d\" data-element_type=\"widget\" data-widget_type=\"html.default\">\n\t\t\t\t\t<div class=\"slick marquee\">\n  <!--<div class=\"slick-slide\">-->\n  <!--  <div class=\"inner\">-->\n  <!--    <img decoding=\"async\" src=\"https:\/\/mayanmonkey.com\/posadas\/wp-content\/uploads\/2025\/10\/mm1.jpg\" \/>-->\n  <!--  <\/div>-->\n  <!--<\/div>-->\n  <div class=\"slick-slide\">\n    <div class=\"inner\">\n      <img decoding=\"async\" src=\"https:\/\/mayanmonkey.com\/posadas\/wp-content\/uploads\/2025\/10\/mm2.jpg\" \/>\n    <\/div>\n  <\/div>\n\n  <div class=\"slick-slide\">\n    <div class=\"inner\">\n      <img decoding=\"async\" src=\"https:\/\/mayanmonkey.com\/posadas\/wp-content\/uploads\/2025\/10\/mm3.jpg\" \/>\n    <\/div>\n  <\/div>\n  <div class=\"slick-slide\">\n    <div class=\"inner\">\n      <img decoding=\"async\" src=\"https:\/\/mayanmonkey.com\/posadas\/wp-content\/uploads\/2025\/10\/mm4.jpg\" \/>\n    <\/div>\n  <\/div>\n  <div class=\"slick-slide\">\n    <div class=\"inner\">\n      <img decoding=\"async\" src=\"https:\/\/mayanmonkey.com\/posadas\/wp-content\/uploads\/2025\/10\/mm5.jpg\" \/>\n    <\/div>\n  <\/div>\n  \n\n\n<\/div>\t\t\t\t<\/div>\n\t\t\t\t<\/div>\n\t\t<div class=\"elementor-element elementor-element-2a4c2cb e-con-full e-flex e-con e-parent\" data-id=\"2a4c2cb\" data-element_type=\"container\" data-settings=\"{&quot;background_background&quot;:&quot;classic&quot;}\">\n\t\t<div class=\"elementor-element elementor-element-472c184 e-con-full e-flex e-con e-child\" data-id=\"472c184\" data-element_type=\"container\">\n\t\t\t\t<div class=\"elementor-element elementor-element-1577011 elementor-widget elementor-widget-html\" data-id=\"1577011\" data-element_type=\"widget\" data-widget_type=\"html.default\">\n\t\t\t\t\t<iframe src=\"https:\/\/www.google.com\/maps\/embed?pb=!1m18!1m12!1m3!1d3721.561569736075!2d-86.75037359999999!3d21.1300386!2m3!1f0!2f0!3f0!3m2!1i1024!2i768!4f13.1!3m3!1m2!1s0x8f4c2899bf6bc08f%3A0x28cf65ca67dae500!2sMayan%20Monkey%20Canc%C3%BAn!5e0!3m2!1ses-419!2smx!4v1759536238547!5m2!1ses-419!2smx\" width=\"100%\" height=\"450\" style=\"border:0;\" allowfullscreen=\"\" loading=\"lazy\" referrerpolicy=\"no-referrer-when-downgrade\"><\/iframe>\t\t\t\t<\/div>\n\t\t\t\t<\/div>\n\t\t<div class=\"elementor-element elementor-element-097ed9e e-con-full e-flex e-con e-child\" data-id=\"097ed9e\" data-element_type=\"container\">\n\t\t<div class=\"elementor-element elementor-element-0fa1948 e-con-full e-flex e-con e-child\" data-id=\"0fa1948\" data-element_type=\"container\">\n\t\t\t\t<div class=\"elementor-element elementor-element-8524bda elementor-widget elementor-widget-heading\" data-id=\"8524bda\" data-element_type=\"widget\" data-widget_type=\"heading.default\">\n\t\t\t\t\t<h2 class=\"elementor-heading-title elementor-size-default\">AMENIDADES<\/h2>\t\t\t\t<\/div>\n\t\t\t\t<\/div>\n\t\t<div class=\"elementor-element elementor-element-cf96a81 e-con-full e-flex e-con e-child\" data-id=\"cf96a81\" data-element_type=\"container\">\n\t\t<div class=\"elementor-element elementor-element-5b2d8e8 e-con-full e-flex e-con e-child\" data-id=\"5b2d8e8\" data-element_type=\"container\">\n\t\t\t\t<div class=\"elementor-element elementor-element-c0f1c04 elementor-view-default elementor-position-top elementor-mobile-position-top elementor-widget elementor-widget-icon-box\" data-id=\"c0f1c04\" data-element_type=\"widget\" data-widget_type=\"icon-box.default\">\n\t\t\t\t\t\t\t<div class=\"elementor-icon-box-wrapper\">\n\n\t\t\t\t\t\t<div class=\"elementor-icon-box-icon\">\n\t\t\t\t<span  class=\"elementor-icon\">\n\t\t\t\t<svg aria-hidden=\"true\" class=\"e-font-icon-svg e-fas-swimming-pool\" viewBox=\"0 0 640 512\" xmlns=\"http:\/\/www.w3.org\/2000\/svg\"><path d=\"M624 416h-16c-26.04 0-45.8-8.42-56.09-17.9-8.9-8.21-19.66-14.1-31.77-14.1h-16.3c-12.11 0-22.87 5.89-31.77 14.1C461.8 407.58 442.04 416 416 416s-45.8-8.42-56.09-17.9c-8.9-8.21-19.66-14.1-31.77-14.1h-16.3c-12.11 0-22.87 5.89-31.77 14.1C269.8 407.58 250.04 416 224 416s-45.8-8.42-56.09-17.9c-8.9-8.21-19.66-14.1-31.77-14.1h-16.3c-12.11 0-22.87 5.89-31.77 14.1C77.8 407.58 58.04 416 32 416H16c-8.84 0-16 7.16-16 16v32c0 8.84 7.16 16 16 16h16c38.62 0 72.72-12.19 96-31.84 23.28 19.66 57.38 31.84 96 31.84s72.72-12.19 96-31.84c23.28 19.66 57.38 31.84 96 31.84s72.72-12.19 96-31.84c23.28 19.66 57.38 31.84 96 31.84h16c8.84 0 16-7.16 16-16v-32c0-8.84-7.16-16-16-16zm-400-32v-96h192v96c19.12 0 30.86-6.16 34.39-9.42 9.17-8.46 19.2-14.34 29.61-18.07V128c0-17.64 14.36-32 32-32s32 14.36 32 32v16c0 8.84 7.16 16 16 16h32c8.84 0 16-7.16 16-16v-16c0-52.94-43.06-96-96-96s-96 43.06-96 96v96H224v-96c0-17.64 14.36-32 32-32s32 14.36 32 32v16c0 8.84 7.16 16 16 16h32c8.84 0 16-7.16 16-16v-16c0-52.94-43.06-96-96-96s-96 43.06-96 96v228.5c10.41 3.73 20.44 9.62 29.61 18.07 3.53 3.27 15.27 9.43 34.39 9.43z\"><\/path><\/svg>\t\t\t\t<\/span>\n\t\t\t<\/div>\n\t\t\t\n\t\t\t\t\t\t<div class=\"elementor-icon-box-content\">\n\n\t\t\t\t\t\t\t\t\t<h3 class=\"elementor-icon-box-title\">\n\t\t\t\t\t\t<span  >\n\t\t\t\t\t\t\tAlberca\t\t\t\t\t\t<\/span>\n\t\t\t\t\t<\/h3>\n\t\t\t\t\n\t\t\t\t\n\t\t\t<\/div>\n\t\t\t\n\t\t<\/div>\n\t\t\t\t\t\t<\/div>\n\t\t\t\t<\/div>\n\t\t<div class=\"elementor-element elementor-element-7dc2d51 e-con-full e-flex e-con e-child\" data-id=\"7dc2d51\" data-element_type=\"container\">\n\t\t\t\t<div class=\"elementor-element elementor-element-62e71d0 elementor-view-default elementor-position-top elementor-mobile-position-top elementor-widget elementor-widget-icon-box\" data-id=\"62e71d0\" data-element_type=\"widget\" data-widget_type=\"icon-box.default\">\n\t\t\t\t\t\t\t<div class=\"elementor-icon-box-wrapper\">\n\n\t\t\t\t\t\t<div class=\"elementor-icon-box-icon\">\n\t\t\t\t<span  class=\"elementor-icon\">\n\t\t\t\t<svg aria-hidden=\"true\" class=\"e-font-icon-svg e-fas-music\" viewBox=\"0 0 512 512\" xmlns=\"http:\/\/www.w3.org\/2000\/svg\"><path d=\"M470.38 1.51L150.41 96A32 32 0 0 0 128 126.51v261.41A139 139 0 0 0 96 384c-53 0-96 28.66-96 64s43 64 96 64 96-28.66 96-64V214.32l256-75v184.61a138.4 138.4 0 0 0-32-3.93c-53 0-96 28.66-96 64s43 64 96 64 96-28.65 96-64V32a32 32 0 0 0-41.62-30.49z\"><\/path><\/svg>\t\t\t\t<\/span>\n\t\t\t<\/div>\n\t\t\t\n\t\t\t\t\t\t<div class=\"elementor-icon-box-content\">\n\n\t\t\t\t\t\t\t\t\t<h3 class=\"elementor-icon-box-title\">\n\t\t\t\t\t\t<span  >\n\t\t\t\t\t\t\tDj en vivo\t\t\t\t\t\t<\/span>\n\t\t\t\t\t<\/h3>\n\t\t\t\t\n\t\t\t\t\n\t\t\t<\/div>\n\t\t\t\n\t\t<\/div>\n\t\t\t\t\t\t<\/div>\n\t\t\t\t<\/div>\n\t\t<div class=\"elementor-element elementor-element-ddbcda4 e-con-full e-flex e-con e-child\" data-id=\"ddbcda4\" data-element_type=\"container\">\n\t\t\t\t<div class=\"elementor-element elementor-element-34ceb8d elementor-view-default elementor-position-top elementor-mobile-position-top elementor-widget elementor-widget-icon-box\" data-id=\"34ceb8d\" data-element_type=\"widget\" data-widget_type=\"icon-box.default\">\n\t\t\t\t\t\t\t<div class=\"elementor-icon-box-wrapper\">\n\n\t\t\t\t\t\t<div class=\"elementor-icon-box-icon\">\n\t\t\t\t<span  class=\"elementor-icon\">\n\t\t\t\t<svg aria-hidden=\"true\" class=\"e-font-icon-svg e-fas-glass-martini\" viewBox=\"0 0 512 512\" xmlns=\"http:\/\/www.w3.org\/2000\/svg\"><path d=\"M502.05 57.6C523.3 36.34 508.25 0 478.2 0H33.8C3.75 0-11.3 36.34 9.95 57.6L224 271.64V464h-56c-22.09 0-40 17.91-40 40 0 4.42 3.58 8 8 8h240c4.42 0 8-3.58 8-8 0-22.09-17.91-40-40-40h-56V271.64L502.05 57.6z\"><\/path><\/svg>\t\t\t\t<\/span>\n\t\t\t<\/div>\n\t\t\t\n\t\t\t\t\t\t<div class=\"elementor-icon-box-content\">\n\n\t\t\t\t\t\t\t\t\t<h3 class=\"elementor-icon-box-title\">\n\t\t\t\t\t\t<span  >\n\t\t\t\t\t\t\tBar\t\t\t\t\t\t<\/span>\n\t\t\t\t\t<\/h3>\n\t\t\t\t\n\t\t\t\t\n\t\t\t<\/div>\n\t\t\t\n\t\t<\/div>\n\t\t\t\t\t\t<\/div>\n\t\t\t\t<\/div>\n\t\t\t\t<\/div>\n\t\t\t\t<\/div>\n\t\t\t\t<\/div>\n\t\t\t\t<\/div>\n\t\t","protected":false},"excerpt":{"rendered":"<p>Fiesta, sabores y un ambiente social inigualable te esperan Celebra tu posada rodeado de buena vibra, comida deliciosa y cocteles preparados con estiloEn Mayan Monkey cada brindis se convierte en un recuerdo. REGISTRO Registra tu posada para grupos de 10 o m\u00e1s personas. Completa el formulario y descarga nuestro men\u00fa especial de posadas. Nombre Correo [&hellip;]<\/p>\n","protected":false},"author":1,"featured_media":0,"parent":0,"menu_order":0,"comment_status":"closed","ping_status":"closed","template":"elementor_header_footer","meta":{"footnotes":""},"class_list":["post-8","page","type-page","status-publish","hentry"],"_links":{"self":[{"href":"https:\/\/mayanmonkey.com\/posadas\/wp-json\/wp\/v2\/pages\/8","targetHints":{"allow":["GET"]}}],"collection":[{"href":"https:\/\/mayanmonkey.com\/posadas\/wp-json\/wp\/v2\/pages"}],"about":[{"href":"https:\/\/mayanmonkey.com\/posadas\/wp-json\/wp\/v2\/types\/page"}],"author":[{"embeddable":true,"href":"https:\/\/mayanmonkey.com\/posadas\/wp-json\/wp\/v2\/users\/1"}],"replies":[{"embeddable":true,"href":"https:\/\/mayanmonkey.com\/posadas\/wp-json\/wp\/v2\/comments?post=8"}],"version-history":[{"count":131,"href":"https:\/\/mayanmonkey.com\/posadas\/wp-json\/wp\/v2\/pages\/8\/revisions"}],"predecessor-version":[{"id":527,"href":"https:\/\/mayanmonkey.com\/posadas\/wp-json\/wp\/v2\/pages\/8\/revisions\/527"}],"wp:attachment":[{"href":"https:\/\/mayanmonkey.com\/posadas\/wp-json\/wp\/v2\/media?parent=8"}],"curies":[{"name":"wp","href":"https:\/\/api.w.org\/{rel}","templated":true}]}}